{"id":3522,"date":"2022-03-22T14:30:52","date_gmt":"2022-03-22T14:30:52","guid":{"rendered":"https:\/\/www.casassayas.com\/politica-de-cookies\/"},"modified":"2022-11-04T08:41:13","modified_gmt":"2022-11-04T08:41:13","slug":"politica-de-cookies","status":"publish","type":"page","link":"https:\/\/www.casassayas.com\/es\/politica-de-cookies\/","title":{"rendered":"Pol\u00edtica de cookies"},"content":{"rendered":"<div class=\"fusion-fullwidth fullwidth-box fusion-builder-row-1 fusion-flex-container nonhundred-percent-fullwidth non-hundred-percent-height-scrolling\" style=\"--awb-border-radius-top-left:0px;--awb-border-radius-top-right:0px;--awb-border-radius-bottom-right:0px;--awb-border-radius-bottom-left:0px;--awb-flex-wrap:wrap;\" ><div class=\"fusion-builder-row fusion-row fusion-flex-align-items-flex-start fusion-flex-content-wrap\" style=\"max-width:1365px;margin-left: calc(-5% \/ 2 );margin-right: calc(-5% \/ 2 );\"><div class=\"fusion-layout-column fusion_builder_column fusion-builder-column-0 fusion_builder_column_1_1 1_1 fusion-flex-column\" style=\"--awb-bg-size:cover;--awb-width-large:100%;--awb-margin-top-large:0px;--awb-spacing-right-large:2.375%;--awb-margin-bottom-large:20px;--awb-spacing-left-large:2.375%;--awb-width-medium:100%;--awb-order-medium:0;--awb-spacing-right-medium:2.375%;--awb-spacing-left-medium:2.375%;--awb-width-small:100%;--awb-order-small:0;--awb-spacing-right-small:2.375%;--awb-spacing-left-small:2.375%;\"><div class=\"fusion-column-wrapper fusion-column-has-shadow fusion-flex-justify-content-flex-start fusion-content-layout-column\"><div class=\"fusion-title title fusion-title-1 fusion-sep-none fusion-title-text fusion-title-size-one\"><h1 class=\"fusion-title-heading title-heading-left\" style=\"margin:0;\">Pol\u00edtica de cookies<\/h1><\/div><div class=\"fusion-text fusion-text-1\" style=\"--awb-text-transform:none;\"><p><span style=\"font-weight: 400;\">La web almacena informaci\u00f3n de las direcciones IP desde las que se accede y utilizan cookies. Las cookies son peque\u00f1os archivos de texto que contienen informaci\u00f3n y que los sitios web env\u00edan al ordenador del usuario cuando navega. Las cookies nos ayudan a mejorar nuestra web ya ofrecer una mejor y m\u00e1s personalizada experiencia de navegaci\u00f3n. En concreto, nos permiten:<\/span><\/p>\n<ol>\n<li><span style=\"font-weight: 400;\"> Almacenar informaci\u00f3n sobre las preferencias del usuario y personalizar nuestra web en funci\u00f3n de sus intereses particulares.<\/span><\/li>\n<li><span style=\"font-weight: 400;\"> Prestar un mejor servicio al usuario sin almacenar en ning\u00fan caso datos personales que permitan su identificaci\u00f3n.<\/span><\/li>\n<li><span style=\"font-weight: 400;\"> Acelerar las b\u00fasquedas.<\/span><\/li>\n<li><span style=\"font-weight: 400;\"> Reconocer el ordenador cuando el usuario vuelve de nuevo a una web.<\/span><\/li>\n<li><span style=\"font-weight: 400;\"> Obtener datos derivados del tr\u00e1fico y la interacci\u00f3n de los usuarios en nuestra web para identificar tendencias y con fines estad\u00edsticos.<\/span><\/li>\n<\/ol>\n<\/div><div class=\"fusion-title title fusion-title-2 fusion-sep-none fusion-title-text fusion-title-size-four\" style=\"--awb-margin-top:3rem;\"><h4 class=\"fusion-title-heading title-heading-left\" style=\"margin:0;\"><b>Cookies propias<\/b><\/h4><\/div>\n<div class=\"table-1\">\n<table style=\"height: 94px;\" width=\"711\">\n<thead>\n<tr>\n<th align=\"left\">Nombre<\/th>\n<th align=\"left\">Prop\u00f3sito<\/th>\n<th align=\"left\">Expiraci\u00f3n<\/th>\n<\/tr>\n<\/thead>\n<tbody>\n<tr>\n<td align=\"left\">language<\/td>\n<td align=\"left\">Mantener y recordar el idioma en el que navega el usuario<\/td>\n<td align=\"left\">1 mes<\/td>\n<\/tr>\n<tr>\n<td align=\"left\">Ley Cookies<\/td>\n<td align=\"left\">Identificar si el usuario ha aceptado el uso de cookies<\/td>\n<td align=\"left\">1 mes<\/td>\n<\/tr>\n<\/tbody>\n<\/table>\n<\/div>\n<div class=\"fusion-title title fusion-title-3 fusion-sep-none fusion-title-text fusion-title-size-four\" style=\"--awb-margin-top:3rem;\"><h4 class=\"fusion-title-heading title-heading-left\" style=\"margin:0;\"><b>Estrictamente necesarias<\/b><\/h4><\/div><div class=\"fusion-text fusion-text-2\" style=\"--awb-text-transform:none;\"><p><span style=\"font-weight: 400;\">Son cookies esenciales para que las p\u00e1ginas web de costabrava.org lleven a cabo sus funciones b\u00e1sicas. Entre estas cookies se incluyen, por ejemplo, las que sirven para permitir una correcta navegaci\u00f3n o las que aseguran que el contenido de la p\u00e1gina web se carga eficazmente, con fines de mantenimiento peri\u00f3dico y para garantizar el mejor servicio posible al usuario.<\/span><\/p>\n<\/div><div class=\"fusion-title title fusion-title-4 fusion-sep-none fusion-title-rotating fusion-loop-off fusion-title-bounceIn fusion-title-size-four\"><h4 class=\"fusion-title-heading title-heading-left\" style=\"margin:0;\"><span class=\"fusion-animated-text-prefix\"><\/span>  <span class=\"fusion-animated-text-postfix\"><\/span><\/h4><\/div><div class=\"fusion-text fusion-text-3\" style=\"--awb-text-transform:none;\"><p><span style=\"font-weight: 400;\">Estas cookies se utilizan para almacenar las preferencias establecidas por los usuarios, como el nombre de la cuenta, el idioma y la ubicaci\u00f3n. No se utilizan para rastrear visitantes en sitios que no est\u00e9n alojados en los servidores de la web.<\/span><\/p>\n<\/div><div class=\"fusion-title title fusion-title-5 fusion-sep-none fusion-title-text fusion-title-size-four\" style=\"--awb-margin-top:3rem;\"><h4 class=\"fusion-title-heading title-heading-left\" style=\"margin:0;\"><b>Actuaci\u00f3n<\/b><\/h4><\/div><div class=\"fusion-text fusion-text-4\" style=\"--awb-text-transform:none;\"><p><span style=\"font-weight: 400;\">Las cookies de rendimiento recopilan informaci\u00f3n sobre la forma en que los usuarios interact\u00faan con la web, como qu\u00e9 p\u00e1ginas tienen m\u00e1s visitas y otros datos anal\u00edticos. Estos detalles s\u00f3lo se utilizan para mejorar el funcionamiento de un sitio web.<\/span><\/p>\n<\/div><div class=\"fusion-title title fusion-title-6 fusion-sep-none fusion-title-text fusion-title-size-four\" style=\"--awb-margin-top:3rem;\"><h4 class=\"fusion-title-heading title-heading-left\" style=\"margin:0;\"><b>Cookies de terceros<\/b><\/h4><\/div>\n<table>\n<tbody>\n<tr>\n<td><span style=\"font-weight: 400;\">Cookie<\/span><\/td>\n<td><span style=\"font-weight: 400;\">Nombre<\/span><\/td>\n<td><span style=\"font-weight: 400;\">Prop\u00f3sito<\/span><\/td>\n<td><span style=\"font-weight: 400;\">Expiraci\u00f3n<\/span><\/td>\n<\/tr>\n<tr>\n<td rowspan=\"6\"><span style=\"font-weight: 400;\">Google Analytics<\/span><\/td>\n<td><span style=\"font-weight: 400;\">_gid<\/span><\/td>\n<td rowspan=\"3\"><span style=\"font-weight: 400;\">Estas cookies nos ayudan a entender y mejorar la experiencia de nuestros usuarios.<\/span><\/td>\n<td><span style=\"font-weight: 400;\">24 horas<\/span><\/td>\n<\/tr>\n<tr>\n<td><span style=\"font-weight: 400;\">_ga<\/span><\/td>\n<td><span style=\"font-weight: 400;\">2 a\u00f1os<\/span><\/td>\n<\/tr>\n<tr>\n<td><span style=\"font-weight: 400;\">_gat<\/span><\/td>\n<td><span style=\"font-weight: 400;\">1 minuto<\/span><\/td>\n<\/tr>\n<tr>\n<td><span style=\"font-weight: 400;\">_utmb<\/span><\/td>\n<td><span style=\"font-weight: 400;\">Se utiliza para determinar nuevas sesiones o visitas. La cookie se crea cuando se ejecuta la biblioteca JavaScript y no existe ninguna cookie _utmb. La cookie se actualiza cada vez que se env\u00edan datos a Google Analytics.<\/span><\/td>\n<td><span style=\"font-weight: 400;\">30 minutos a partir de la configuraci\u00f3n o actualizaci\u00f3n<\/span><\/td>\n<\/tr>\n<tr>\n<td><span style=\"font-weight: 400;\">_utmz<\/span><\/td>\n<td><span style=\"font-weight: 400;\">Almacena la fuente de tr\u00e1fico o la campa\u00f1a que explica c\u00f3mo ha llegado a la web el usuario. La cookie se crea cuando se ejecuta la biblioteca JavaScript y se actualiza cada vez que se env\u00edan datos a Google Analytics.<\/span><\/td>\n<td><span style=\"font-weight: 400;\">6 meses a partir de la configuraci\u00f3n o actualizaci\u00f3n<\/span><\/td>\n<\/tr>\n<tr>\n<td><span style=\"font-weight: 400;\">_utmt<\/span><\/td>\n<td><span style=\"font-weight: 400;\">Se utiliza para limitar el porcentaje de solicitudes.<\/span><\/td>\n<td><span style=\"font-weight: 400;\">10 minutos<\/span><\/td>\n<\/tr>\n<tr>\n<td><span style=\"font-weight: 400;\">Google Tag Manager<\/span><\/td>\n<td><span style=\"font-weight: 400;\">\u200bgtm_authgtm_debug gtm_preview<\/span><\/td>\n<td><span style=\"font-weight: 400;\">Soluci\u00f3n t\u00e9cnica para manejar los c\u00f3digos de seguimiento de las p\u00e1ginas.<\/span><\/td>\n<td><span style=\"font-weight: 400;\">Al cerrar el navegador<\/span><\/td>\n<\/tr>\n<tr>\n<td><span style=\"font-weight: 400;\">Facebook Pixel<\/span><\/td>\n<td><\/td>\n<td><span style=\"font-weight: 400;\">Seguimiento de conversiones y remarketing.<\/span><\/td>\n<td><\/td>\n<\/tr>\n<\/tbody>\n<\/table>\n<div class=\"fusion-title title fusion-title-7 fusion-sep-none fusion-title-text fusion-title-size-four\" style=\"--awb-margin-top:3rem;\"><h4 class=\"fusion-title-heading title-heading-left\" style=\"margin:0;\"><b>Publicidad \/ seguimiento<\/b><\/h4><\/div><div class=\"fusion-text fusion-text-5\" style=\"--awb-text-transform:none;\"><p><span style=\"font-weight: 400;\">Estas cookies se utilizan para rastrear el volumen de visitantes, para realizar un seguimiento de los detalles de estos \u2014como el n\u00famero de visitantes \u00fanicos, la cantidad de veces que se han mostrado unos anuncios determinados o la cantidad de clics que han recibido \u2014y tambi\u00e9n para medir la efectividad de las campa\u00f1as publicitarias creando perfiles de usuarios. Estas cookies las establecen redes de terceros autom\u00e1ticas y de confianza y, por lo general, son de naturaleza persistente.<\/span><\/p>\n<\/div><div class=\"fusion-title title fusion-title-8 fusion-sep-none fusion-title-text fusion-title-size-four\" style=\"--awb-margin-top:3rem;\"><h4 class=\"fusion-title-heading title-heading-left\" style=\"margin:0;\"><b>Contenido de terceros \/ incrustado<\/b><\/h4><\/div><div class=\"fusion-text fusion-text-6\" style=\"--awb-text-transform:none;\"><p><span style=\"font-weight: 400;\">La web utiliza diferentes aplicaciones y servicios de terceros para mejorar la experiencia de los visitantes del sitio web. \u00c9stos incluyen plataformas de redes sociales como Facebook y Twitter (a trav\u00e9s del uso de botones para compartir) o contenido integrado de YouTube. En consecuencia, puede que estos terceros establezcan cookies y las utilicen para rastrear la actividad del usuario online. No tenemos ning\u00fan control directo sobre la informaci\u00f3n recopilada por estas cookies.<\/span><\/p>\n<p><span style=\"font-weight: 400;\">Utilizamos Google Analytics para analizar el uso de www.casassayas.com. Google Analytics recopila esta informaci\u00f3n por medio de cookies. La informaci\u00f3n recopilada se utiliza para crear informes sobre el uso de la web.<\/span><\/p>\n<p><span style=\"font-weight: 400;\">Pol\u00edtica de privacidad de Google: <\/span><a href=\"https:\/\/www.google.com\/policies\/privacy\/\"><span style=\"font-weight: 400;\">https:\/\/www.google.com\/policies\/privacy\/<\/span><\/a><span style=\"font-weight: 400;\">.<\/span><\/p>\n<p><span style=\"font-weight: 400;\">Puede ver, eliminar o a\u00f1adir categor\u00edas de inter\u00e9s asociadas con su navegador a: <\/span><a href=\"https:\/\/adssettings.google.com\/\"><span style=\"font-weight: 400;\">https:\/\/adssettings.google.com<\/span><\/a><span style=\"font-weight: 400;\">. Tambi\u00e9n puede rechazar el uso (exclusi\u00f3n voluntaria) de cookies de los partners de AdSense aplicando dicha configuraci\u00f3n o utilizando el mecanismo de exclusi\u00f3n m\u00faltiple de NAI (Network Advertising Initiative): <\/span><a href=\"https:\/\/optout.networkadvertising.org\/\"><span style=\"font-weight: 400;\">http:\/\/optout.networkadvertising.org<\/span><\/a><span style=\"font-weight: 400;\">.<\/span><\/p>\n<\/div><div class=\"fusion-title title fusion-title-9 fusion-sep-none fusion-title-text fusion-title-size-four\" style=\"--awb-margin-top:3rem;\"><h4 class=\"fusion-title-heading title-heading-left\" style=\"margin:0;\"><b>Informaci\u00f3n adicional sobre las pol\u00edticas de cookies de terceros:<\/b><\/h4><\/div><div class=\"fusion-text fusion-text-7\" style=\"--awb-text-transform:none;\"><ul>\n<li><span style=\"font-weight: 400;\">Google: <\/span><a href=\"https:\/\/policies.google.com\/technologies\/cookies\"><span style=\"font-weight: 400;\">https:\/\/policies.google.com\/technologies\/cookies<\/span><\/a><\/li>\n<li><span style=\"font-weight: 400;\">LinkedIn: <\/span><a href=\"https:\/\/www.linkedin.com\/legal\/cookie-policy\"><span style=\"font-weight: 400;\">https:\/\/www.linkedin.com\/legal\/cookie-policy<\/span><\/a><\/li>\n<li><span style=\"font-weight: 400;\">Facebook: <\/span><a href=\"https:\/\/www.facebook.com\/policies\/cookies\/\"><span style=\"font-weight: 400;\">https:\/\/www.facebook.com\/policies\/cookies\/<\/span><\/a><\/li>\n<li><span style=\"font-weight: 400;\">YouTube: <\/span><a href=\"https:\/\/www.youtube.com\/intl\/es\/yt\/about\/policies\"><span style=\"font-weight: 400;\">https:\/\/www.youtube.com\/intl\/es\/yt\/about\/policies<\/span><\/a><\/li>\n<\/ul>\n<\/div><div class=\"fusion-title title fusion-title-10 fusion-sep-none fusion-title-text fusion-title-size-four\" style=\"--awb-margin-top:3rem;\"><h4 class=\"fusion-title-heading title-heading-left\" style=\"margin:0;\"><b>Control de las cookies<\/b><\/h4><\/div><div class=\"fusion-text fusion-text-8\" style=\"--awb-text-transform:none;\"><p><span style=\"font-weight: 400;\">Los visitantes pueden desear restringir el uso de cookies o evitar totalmente que se establezcan. La mayor\u00eda de los navegadores ofrecen formas de controlar el comportamiento de las cookies, como la cantidad de tiempo que est\u00e1n almacenadas, ya sea a trav\u00e9s de la funcionalidad integrada o mediante el uso de complementos de terceros.<\/span><\/p>\n<p><span style=\"font-weight: 400;\">Si desea obtener m\u00e1s informaci\u00f3n sobre la forma de administrar y eliminar cookies, visite <\/span><a href=\"https:\/\/aboutcookies.org\/\"><span style=\"font-weight: 400;\">aboutcookies.org<\/span><\/a><span style=\"font-weight: 400;\">. Para obtener m\u00e1s detalles sobre las cookies publicitarias y sobre la forma de administrarlas, visite <\/span><a href=\"https:\/\/www.youronlinechoices.eu\/\"><span style=\"font-weight: 400;\">youronlinechoices.eu<\/span><\/a><span style=\"font-weight: 400;\"> (en la UE) o <\/span><a href=\"https:\/\/www.aboutads.info\/choices\/\"><span style=\"font-weight: 400;\">aboutads.info<\/span><\/a><span style=\"font-weight: 400;\"> (en los EUA).<\/span><\/p>\n<\/div><\/div><\/div><\/div><\/div>\n","protected":false},"excerpt":{"rendered":"","protected":false},"author":1,"featured_media":0,"parent":0,"menu_order":0,"comment_status":"closed","ping_status":"closed","template":"","meta":{"footnotes":""},"class_list":["post-3522","page","type-page","status-publish","hentry"],"yoast_head":"<!-- This site is optimized with the Yoast SEO plugin v23.0 - https:\/\/yoast.com\/wordpress\/plugins\/seo\/ -->\n<title>Pol\u00edtica de cookies - Casassayas Consultoria Tur\u00edstica<\/title>\n<meta name=\"robots\" content=\"index, follow, max-snippet:-1, max-image-preview:large, max-video-preview:-1\" \/>\n<link rel=\"canonical\" href=\"https:\/\/www.casassayas.com\/es\/politica-de-cookies\/\" \/>\n<meta property=\"og:locale\" content=\"es_ES\" \/>\n<meta property=\"og:type\" content=\"article\" \/>\n<meta property=\"og:title\" content=\"Pol\u00edtica de cookies - Casassayas Consultoria Tur\u00edstica\" \/>\n<meta property=\"og:url\" content=\"https:\/\/www.casassayas.com\/es\/politica-de-cookies\/\" \/>\n<meta property=\"og:site_name\" content=\"Casassayas Consultoria Tur\u00edstica\" \/>\n<meta property=\"article:modified_time\" content=\"2022-11-04T08:41:13+00:00\" \/>\n<meta name=\"twitter:card\" content=\"summary_large_image\" \/>\n<meta name=\"twitter:label1\" content=\"Tiempo de lectura\" \/>\n\t<meta name=\"twitter:data1\" content=\"11 minutos\" \/>\n<script type=\"application\/ld+json\" class=\"yoast-schema-graph\">{\"@context\":\"https:\/\/schema.org\",\"@graph\":[{\"@type\":\"WebPage\",\"@id\":\"https:\/\/www.casassayas.com\/es\/politica-de-cookies\/\",\"url\":\"https:\/\/www.casassayas.com\/es\/politica-de-cookies\/\",\"name\":\"Pol\u00edtica de cookies - Casassayas Consultoria Tur\u00edstica\",\"isPartOf\":{\"@id\":\"https:\/\/www.casassayas.com\/es\/#website\"},\"datePublished\":\"2022-03-22T14:30:52+00:00\",\"dateModified\":\"2022-11-04T08:41:13+00:00\",\"inLanguage\":\"es\",\"potentialAction\":[{\"@type\":\"ReadAction\",\"target\":[\"https:\/\/www.casassayas.com\/es\/politica-de-cookies\/\"]}]},{\"@type\":\"WebSite\",\"@id\":\"https:\/\/www.casassayas.com\/es\/#website\",\"url\":\"https:\/\/www.casassayas.com\/es\/\",\"name\":\"Casassayas Consultoria Tur\u00edstica\",\"description\":\"Consultoria tur\u00edstica especialitzada en la planificaci\u00f3 i gesti\u00f3 de destinacions tur\u00edstiques.\",\"potentialAction\":[{\"@type\":\"SearchAction\",\"target\":{\"@type\":\"EntryPoint\",\"urlTemplate\":\"https:\/\/www.casassayas.com\/es\/?s={search_term_string}\"},\"query-input\":\"required name=search_term_string\"}],\"inLanguage\":\"es\"}]}<\/script>\n<!-- \/ Yoast SEO plugin. -->","yoast_head_json":{"title":"Pol\u00edtica de cookies - Casassayas Consultoria Tur\u00edstica","robots":{"index":"index","follow":"follow","max-snippet":"max-snippet:-1","max-image-preview":"max-image-preview:large","max-video-preview":"max-video-preview:-1"},"canonical":"https:\/\/www.casassayas.com\/es\/politica-de-cookies\/","og_locale":"es_ES","og_type":"article","og_title":"Pol\u00edtica de cookies - Casassayas Consultoria Tur\u00edstica","og_url":"https:\/\/www.casassayas.com\/es\/politica-de-cookies\/","og_site_name":"Casassayas Consultoria Tur\u00edstica","article_modified_time":"2022-11-04T08:41:13+00:00","twitter_card":"summary_large_image","twitter_misc":{"Tiempo de lectura":"11 minutos"},"schema":{"@context":"https:\/\/schema.org","@graph":[{"@type":"WebPage","@id":"https:\/\/www.casassayas.com\/es\/politica-de-cookies\/","url":"https:\/\/www.casassayas.com\/es\/politica-de-cookies\/","name":"Pol\u00edtica de cookies - Casassayas Consultoria Tur\u00edstica","isPartOf":{"@id":"https:\/\/www.casassayas.com\/es\/#website"},"datePublished":"2022-03-22T14:30:52+00:00","dateModified":"2022-11-04T08:41:13+00:00","inLanguage":"es","potentialAction":[{"@type":"ReadAction","target":["https:\/\/www.casassayas.com\/es\/politica-de-cookies\/"]}]},{"@type":"WebSite","@id":"https:\/\/www.casassayas.com\/es\/#website","url":"https:\/\/www.casassayas.com\/es\/","name":"Casassayas Consultoria Tur\u00edstica","description":"Consultoria tur\u00edstica especialitzada en la planificaci\u00f3 i gesti\u00f3 de destinacions tur\u00edstiques.","potentialAction":[{"@type":"SearchAction","target":{"@type":"EntryPoint","urlTemplate":"https:\/\/www.casassayas.com\/es\/?s={search_term_string}"},"query-input":"required name=search_term_string"}],"inLanguage":"es"}]}},"_links":{"self":[{"href":"https:\/\/www.casassayas.com\/es\/wp-json\/wp\/v2\/pages\/3522","targetHints":{"allow":["GET"]}}],"collection":[{"href":"https:\/\/www.casassayas.com\/es\/wp-json\/wp\/v2\/pages"}],"about":[{"href":"https:\/\/www.casassayas.com\/es\/wp-json\/wp\/v2\/types\/page"}],"author":[{"embeddable":true,"href":"https:\/\/www.casassayas.com\/es\/wp-json\/wp\/v2\/users\/1"}],"replies":[{"embeddable":true,"href":"https:\/\/www.casassayas.com\/es\/wp-json\/wp\/v2\/comments?post=3522"}],"version-history":[{"count":1,"href":"https:\/\/www.casassayas.com\/es\/wp-json\/wp\/v2\/pages\/3522\/revisions"}],"predecessor-version":[{"id":3523,"href":"https:\/\/www.casassayas.com\/es\/wp-json\/wp\/v2\/pages\/3522\/revisions\/3523"}],"wp:attachment":[{"href":"https:\/\/www.casassayas.com\/es\/wp-json\/wp\/v2\/media?parent=3522"}],"curies":[{"name":"wp","href":"https:\/\/api.w.org\/{rel}","templated":true}]}}