{"id":3626,"date":"2022-02-17T08:46:27","date_gmt":"2022-02-17T08:46:27","guid":{"rendered":"https:\/\/www.casassayas.com\/?page_id=3626"},"modified":"2022-11-14T14:42:36","modified_gmt":"2022-11-14T14:42:36","slug":"applied-technology","status":"publish","type":"page","link":"https:\/\/www.casassayas.com\/en\/services\/applied-technology\/","title":{"rendered":"Applied Technology"},"content":{"rendered":"<p><div class=\"fusion-fullwidth fullwidth-box fusion-builder-row-1 fusion-flex-container fusion-parallax-none nonhundred-percent-fullwidth non-hundred-percent-height-scrolling lazyload\" style=\"--awb-border-radius-top-left:0px;--awb-border-radius-top-right:0px;--awb-border-radius-bottom-right:0px;--awb-border-radius-bottom-left:0px;--awb-padding-top:115px;--awb-padding-bottom:201px;--awb-margin-top:0px;--awb-background-size:cover;--awb-flex-wrap:wrap;\" data-bg=\"https:\/\/www.casassayas.com\/wp-content\/uploads\/2022\/02\/IMG_2286-scaled-e1651661047289.jpg\" ><div class=\"fusion-builder-row fusion-row fusion-flex-align-items-flex-start fusion-flex-content-wrap\" style=\"max-width:1365px;margin-left: calc(-5% \/ 2 );margin-right: calc(-5% \/ 2 );\"><\/div><\/div><div class=\"fusion-fullwidth fullwidth-box fusion-builder-row-2 fusion-flex-container nonhundred-percent-fullwidth non-hundred-percent-height-scrolling\" style=\"--awb-border-radius-top-left:0px;--awb-border-radius-top-right:0px;--awb-border-radius-bottom-right:0px;--awb-border-radius-bottom-left:0px;--awb-padding-top:0px;--awb-padding-left:0px;--awb-margin-top:0px;--awb-flex-wrap:wrap;\" ><div class=\"fusion-builder-row fusion-row fusion-flex-align-items-flex-end fusion-flex-content-wrap\" style=\"max-width:1365px;margin-left: calc(-5% \/ 2 );margin-right: calc(-5% \/ 2 );\"><div class=\"fusion-layout-column fusion_builder_column fusion-builder-column-0 fusion_builder_column_1_1 1_1 fusion-flex-column\" style=\"--awb-bg-size:cover;--awb-width-large:100%;--awb-margin-top-large:0px;--awb-spacing-right-large:3rem;--awb-margin-bottom-large:4rem;--awb-spacing-left-large:3rem;--awb-width-medium:100%;--awb-order-medium:0;--awb-spacing-right-medium:3rem;--awb-spacing-left-medium:3rem;--awb-width-small:100%;--awb-order-small:0;--awb-spacing-right-small:2.375%;--awb-spacing-left-small:2.375%;\"><div class=\"fusion-column-wrapper fusion-column-has-shadow fusion-flex-justify-content-flex-start fusion-content-layout-column\"><div class=\"fusion-title title fusion-title-1 fusion-sep-none fusion-title-text fusion-title-size-one\"><h1 class=\"fusion-title-heading title-heading-left\" style=\"margin:0;\"><div id=\"tw-target-text-container\" class=\"tw-ta-container F0azHf tw-nfl\" tabindex=\"0\">\n<h1 id=\"tw-target-text\" class=\"tw-data-text tw-text-large tw-ta\" dir=\"ltr\" data-placeholder=\"Traducci\u00f3\"><span class=\"Y2IQFc\" lang=\"en\">Applied Technology<\/span><\/h1>\n<\/div><\/h1><\/div><div class=\"fusion-text fusion-text-1\" style=\"--awb-text-transform:none;\"><p id=\"tw-target-text\" class=\"tw-data-text tw-text-large tw-ta\" dir=\"ltr\" data-placeholder=\"Traducci\u00f3\"><span class=\"Y2IQFc\" lang=\"en\">That technology has had a radical impact on the tourism sector is more than obvious. In addition, this impact occurs at all the moments that make up the life cycle of tourism consumption.<\/span><\/p>\n<p class=\"tw-data-text tw-text-large tw-ta\" dir=\"ltr\" data-placeholder=\"Traducci\u00f3\"><span class=\"Y2IQFc\" lang=\"en\">In this way, it is necessary to have a broad knowledge of what the existing technologies are, as well as their implications and potentialities, in order to opt for the ones that can provide the most profitability depending on the established objectives. <\/span><\/p>\n<p class=\"tw-data-text tw-text-large tw-ta\" dir=\"ltr\" data-placeholder=\"Traducci\u00f3\"><span class=\"Y2IQFc\" lang=\"en\">In short, I offer support in the application of technology to improve the tourist experience in the different phases of the trip, as well as to take advantage of the information that the tourist generates and that helps us make decisions. I am talking, among others, about areas such as: <\/span><\/p>\n<ul>\n<li class=\"tw-data-text tw-text-large tw-ta\" dir=\"ltr\" data-placeholder=\"Traducci\u00f3\"><span class=\"Y2IQFc\" lang=\"en\">Conceptualization and development of web pages. <\/span><\/li>\n<li class=\"tw-data-text tw-text-large tw-ta\" dir=\"ltr\" data-placeholder=\"Traducci\u00f3\"><span class=\"Y2IQFc\" lang=\"en\">Online positioning strategy. <\/span><\/li>\n<li class=\"tw-data-text tw-text-large tw-ta\" dir=\"ltr\" data-placeholder=\"Traducci\u00f3\"><span class=\"Y2IQFc\" lang=\"en\">Definition of presence in social networks. <\/span><\/li>\n<li class=\"tw-data-text tw-text-large tw-ta\" dir=\"ltr\" data-placeholder=\"Traducci\u00f3\"><span class=\"Y2IQFc\" lang=\"en\">Generation of indicators for obtaining knowledge.\u00a0<\/span><\/li>\n<li class=\"tw-data-text tw-text-large tw-ta\" dir=\"ltr\" data-placeholder=\"Traducci\u00f3\"><span class=\"Y2IQFc\" lang=\"en\">Integration of management tools. Marketing systems.<\/span><\/li>\n<\/ul>\n<\/div><\/div><\/div><\/div><\/div><div class=\"fusion-fullwidth fullwidth-box fusion-builder-row-3 fusion-flex-container fusion-parallax-none nonhundred-percent-fullwidth non-hundred-percent-height-scrolling lazyload\" style=\"--awb-border-radius-top-left:0px;--awb-border-radius-top-right:0px;--awb-border-radius-bottom-right:0px;--awb-border-radius-bottom-left:0px;--awb-padding-top:5.671899999999994px;--awb-padding-bottom:41px;--awb-margin-top:0px;--awb-margin-bottom:0px;--awb-background-color:rgba(255,255,255,0);--awb-background-size:cover;--awb-flex-wrap:wrap;\" data-bg=\"https:\/\/www.casassayas.com\/wp-content\/uploads\/2022\/02\/IMG_2307-scaled.jpg\" ><div class=\"fusion-builder-row fusion-row fusion-flex-align-items-stretch fusion-flex-justify-content-center fusion-flex-content-wrap\" style=\"max-width:calc( 1300px + 2.5vw );margin-left: calc(-2.5vw \/ 2 );margin-right: calc(-2.5vw \/ 2 );\"><div class=\"fusion-layout-column fusion_builder_column fusion-builder-column-1 fusion_builder_column_1_3 1_3 fusion-flex-column fusion-animated\" style=\"--awb-padding-right:31px;--awb-padding-left:30px;--awb-padding-top-small:9vw;--awb-padding-right-small:4vw;--awb-padding-bottom-small:9vw;--awb-padding-left-small:4vw;--awb-overflow:hidden;--awb-bg-color:rgba(244,140,29,0.57);--awb-bg-color-hover:rgba(244,140,29,0.57);--awb-bg-size:cover;--awb-border-radius:6px 6px 6px 6px;--awb-width-large:33.333333333333%;--awb-margin-top-large:59px;--awb-spacing-right-large:1.25vw;--awb-margin-bottom-large:0px;--awb-spacing-left-large:13px;--awb-width-medium:40%;--awb-order-medium:0;--awb-spacing-right-medium:1.25vw;--awb-spacing-left-medium:13px;--awb-width-small:100%;--awb-order-small:0;--awb-spacing-right-small:1.25vw;--awb-margin-bottom-small:6vw;--awb-spacing-left-small:1.25vw;\" data-animationType=\"fadeInUp\" data-animationDuration=\"1.0\" data-animationOffset=\"top-into-view\"><div class=\"fusion-column-wrapper fusion-column-has-shadow fusion-flex-justify-content-center fusion-content-layout-column\"><div class=\"fusion-title title fusion-title-2 fusion-sep-none fusion-title-center fusion-title-text fusion-title-size-two\" style=\"--awb-text-color:var(--awb-color1);--awb-font-size:32px;\"><h2 class=\"fusion-title-heading title-heading-center\" style=\"margin:0;font-size:1em;\"><span class=\"JsGRdQ\">Veure tots els serveis<\/span><\/h2><\/div><div class=\"fusion-text fusion-text-2\" style=\"--awb-content-alignment:center;--awb-font-size:17px;--awb-line-height:1.9;--awb-text-transform:none;--awb-text-color:var(--awb-color1);\"><div id=\"tw-target-text-container\" class=\"tw-ta-container F0azHf tw-nfl\" tabindex=\"0\">\n<p id=\"tw-target-text\" class=\"tw-data-text tw-text-large tw-ta\" dir=\"ltr\" data-placeholder=\"Traducci\u00f3\"><span class=\"Y2IQFc\" lang=\"en\">Discover all our services for tourist projects<\/span><\/p>\n<\/div>\n<div id=\"tw-target-rmn-container\" class=\"tw-target-rmn tw-ta-container F0azHf tw-nfl\">\n<pre id=\"tw-target-rmn\" class=\"tw-data-placeholder tw-text-small tw-ta\" dir=\"ltr\" data-placeholder=\"\"><\/pre>\n<\/div>\n<\/div><div style=\"text-align:center;\"><a class=\"fusion-button button-flat fusion-button-default-size button-custom fusion-button-default button-1 fusion-button-default-span fusion-button-default-type\" style=\"--button_accent_color:var(--awb-color1);--button_accent_hover_color:var(--awb-color1);--button_border_hover_color:var(--awb-color1);--button_gradient_top_color:var(--awb-custom_color_1);--button_gradient_bottom_color:var(--awb-custom_color_1);--button_gradient_top_color_hover:#000000;--button_gradient_bottom_color_hover:#000000;\" target=\"_self\" href=\"https:\/\/www.casassayas.com\/en\/services\/\"><span class=\"fusion-button-text\">See them all<\/span><\/a><\/div><\/div><\/div><div class=\"fusion-layout-column fusion_builder_column fusion-builder-column-2 fusion_builder_column_1_3 1_3 fusion-flex-column fusion-animated\" style=\"--awb-padding-top:31.7969px;--awb-padding-right:2vw;--awb-padding-bottom:36.5469px;--awb-padding-left:2vw;--awb-padding-top-small:9vw;--awb-padding-right-small:4vw;--awb-padding-bottom-small:9vw;--awb-padding-left-small:4vw;--awb-overflow:hidden;--awb-bg-color:rgba(244,140,29,0.57);--awb-bg-color-hover:rgba(244,140,29,0.57);--awb-bg-size:cover;--awb-border-radius:6px 6px 6px 6px;--awb-width-large:33.333333333333%;--awb-margin-top-large:60px;--awb-spacing-right-large:1.25vw;--awb-margin-bottom-large:0px;--awb-spacing-left-large:1.25vw;--awb-width-medium:40%;--awb-order-medium:0;--awb-spacing-right-medium:1.25vw;--awb-spacing-left-medium:1.25vw;--awb-width-small:100%;--awb-order-small:0;--awb-spacing-right-small:1.25vw;--awb-margin-bottom-small:6vw;--awb-spacing-left-small:1.25vw;\" data-animationType=\"fadeInUp\" data-animationDuration=\"1.5\" data-animationOffset=\"top-into-view\"><div class=\"fusion-column-wrapper fusion-column-has-shadow fusion-flex-justify-content-center fusion-content-layout-column\"><div class=\"fusion-title title fusion-title-3 fusion-sep-none fusion-title-center fusion-title-text fusion-title-size-two\" style=\"--awb-text-color:var(--awb-color1);--awb-font-size:32px;\"><h2 class=\"fusion-title-heading title-heading-center\" style=\"margin:0;font-size:1em;\">Necessites Ajuda?<\/h2><\/div><div class=\"fusion-text fusion-text-3\" style=\"--awb-content-alignment:center;--awb-font-size:17px;--awb-line-height:1.9;--awb-text-transform:none;--awb-text-color:var(--awb-color1);\"><div id=\"tw-target-text-container\" class=\"tw-ta-container F0azHf tw-nfl\" tabindex=\"0\">\n<p id=\"tw-target-text\" class=\"tw-data-text tw-text-large tw-ta\" dir=\"ltr\" data-placeholder=\"Traducci\u00f3\"><span class=\"Y2IQFc\" lang=\"en\">The best projects start with a conversation. Let&#8217;s talk?<\/span><\/p>\n<\/div>\n<div id=\"tw-target-rmn-container\" class=\"tw-target-rmn tw-ta-container F0azHf tw-nfl\"><\/div>\n<div class=\"iYB33c\">\n<div class=\"dlJLJe\">\n<div data-cviv=\"false\" data-ved=\"2ahUKEwixmai75a37AhWK_7sIHV13DTEQz_AEegQIBRAP\">\n<div class=\"U9URNb\"><\/div>\n<\/div>\n<\/div>\n<div id=\"tw-tmenu\" class=\"tw-menu\"><\/div>\n<\/div>\n<\/div><div style=\"text-align:center;\"><a class=\"fusion-button button-flat fusion-button-default-size button-custom fusion-button-default button-2 fusion-button-default-span fusion-button-default-type\" style=\"--button_accent_color:var(--awb-color1);--button_accent_hover_color:var(--awb-color1);--button_border_hover_color:var(--awb-color1);--button_gradient_top_color:var(--awb-custom_color_1);--button_gradient_bottom_color:var(--awb-custom_color_1);--button_gradient_top_color_hover:#000000;--button_gradient_bottom_color_hover:#000000;\" target=\"_self\" href=\"https:\/\/www.casassayas.com\/en\/contact\/\"><span class=\"fusion-button-text\">Contact<\/span><\/a><\/div><\/div><\/div><\/div><\/div><div class=\"fusion-fullwidth fullwidth-box fusion-builder-row-4 fusion-flex-container nonhundred-percent-fullwidth non-hundred-percent-height-scrolling\" style=\"--awb-border-sizes-left:3vw;--awb-border-sizes-right:3vw;--awb-border-color:var(--awb-color1);--awb-border-radius-top-left:0px;--awb-border-radius-top-right:0px;--awb-border-radius-bottom-right:0px;--awb-border-radius-bottom-left:0px;--awb-padding-top:0px;--awb-padding-right:0px;--awb-padding-bottom:0px;--awb-padding-left:0px;--awb-margin-top:25px;--awb-margin-bottom:25px;--awb-background-color:#ffffff;--awb-flex-wrap:wrap;\" ><div class=\"fusion-builder-row fusion-row fusion-flex-align-items-flex-start fusion-flex-content-wrap\" style=\"max-width:1365px;margin-left: calc(-5% \/ 2 );margin-right: calc(-5% \/ 2 );\"><div class=\"fusion-layout-column fusion_builder_column fusion-builder-column-3 fusion_builder_column_1_3 1_3 fusion-flex-column fusion-flex-align-self-stretch\" style=\"--awb-bg-color:#ffffff;--awb-bg-color-hover:#ffffff;--awb-bg-size:cover;--awb-width-large:33.333333333333%;--awb-margin-top-large:0px;--awb-spacing-right-large:7.125%;--awb-margin-bottom-large:20px;--awb-spacing-left-large:7.125%;--awb-width-medium:33.333333333333%;--awb-order-medium:0;--awb-spacing-right-medium:7.125%;--awb-spacing-left-medium:7.125%;--awb-width-small:100%;--awb-order-small:0;--awb-spacing-right-small:2.375%;--awb-spacing-left-small:2.375%;\"><div class=\"fusion-column-wrapper fusion-column-has-shadow fusion-flex-justify-content-flex-start fusion-content-layout-column\"><i class=\"fb-icon-element-1 fb-icon-element fontawesome-icon fa-envelope fas circle-yes\" style=\"--awb-circlecolor-hover:var(--awb-custom_color_1);--awb-circlebordercolor-hover:var(--awb-custom_color_1);--awb-circlebordersize:1px;--awb-font-size:22px;--awb-width:44px;--awb-height:44px;--awb-line-height:42px;--awb-align-self:center;--awb-margin-top:2rem;--awb-margin-right:0px;--awb-margin-bottom:0px;--awb-margin-left:0px;\"><\/i><div class=\"fusion-text fusion-text-4\" style=\"--awb-content-alignment:center;--awb-text-transform:none;--awb-margin-top:1rem;\"><p><a href=\"mailto:jordi@casassayas.com\"><span class=\"m-l-20 fs-18\"><b>jordi@casassayas.com<\/b><\/span><\/a><\/p>\n<\/div><\/div><\/div><div class=\"fusion-layout-column fusion_builder_column fusion-builder-column-4 fusion_builder_column_1_3 1_3 fusion-flex-column fusion-flex-align-self-stretch\" style=\"--awb-bg-color:#ffffff;--awb-bg-color-hover:#ffffff;--awb-bg-size:cover;--awb-width-large:33.333333333333%;--awb-margin-top-large:0px;--awb-spacing-right-large:7.125%;--awb-margin-bottom-large:20px;--awb-spacing-left-large:7.125%;--awb-width-medium:33.333333333333%;--awb-order-medium:0;--awb-spacing-right-medium:7.125%;--awb-spacing-left-medium:7.125%;--awb-width-small:100%;--awb-order-small:0;--awb-spacing-right-small:2.375%;--awb-spacing-left-small:2.375%;\"><div class=\"fusion-column-wrapper fusion-column-has-shadow fusion-flex-justify-content-flex-start fusion-content-layout-column\"><i class=\"fb-icon-element-2 fb-icon-element fontawesome-icon fa-phone-alt fas circle-yes\" style=\"--awb-circlecolor-hover:var(--awb-custom_color_1);--awb-circlebordercolor-hover:var(--awb-custom_color_1);--awb-circlebordersize:1px;--awb-font-size:22px;--awb-width:44px;--awb-height:44px;--awb-line-height:42px;--awb-align-self:center;--awb-margin-top:2rem;--awb-margin-right:0px;--awb-margin-bottom:0px;--awb-margin-left:0px;\"><\/i><div class=\"fusion-text fusion-text-5\" style=\"--awb-content-alignment:center;--awb-text-transform:none;--awb-margin-top:1rem;\"><p style=\"text-align: center;\"><a href=\"tel:972598064\"><b>699 90 57 69<\/b><\/a><\/p>\n<\/div><\/div><\/div><div class=\"fusion-layout-column fusion_builder_column fusion-builder-column-5 fusion_builder_column_1_3 1_3 fusion-flex-column fusion-flex-align-self-stretch\" style=\"--awb-bg-size:cover;--awb-width-large:33.333333333333%;--awb-margin-top-large:0px;--awb-spacing-right-large:7.125%;--awb-margin-bottom-large:20px;--awb-spacing-left-large:7.125%;--awb-width-medium:33.333333333333%;--awb-order-medium:0;--awb-spacing-right-medium:7.125%;--awb-spacing-left-medium:7.125%;--awb-width-small:100%;--awb-order-small:0;--awb-spacing-right-small:2.375%;--awb-spacing-left-small:2.375%;\"><div class=\"fusion-column-wrapper fusion-column-has-shadow fusion-flex-justify-content-flex-start fusion-content-layout-column\"><i class=\"fb-icon-element-3 fb-icon-element fontawesome-icon fa-map-marked fas circle-yes\" style=\"--awb-circlecolor-hover:var(--awb-custom_color_1);--awb-circlebordercolor-hover:var(--awb-custom_color_1);--awb-circlebordersize:1px;--awb-font-size:22px;--awb-width:44px;--awb-height:44px;--awb-line-height:42px;--awb-align-self:center;--awb-margin-top:2rem;--awb-margin-right:0px;--awb-margin-bottom:0px;--awb-margin-left:0px;\"><\/i><div class=\"fusion-text fusion-text-6\" style=\"--awb-text-transform:none;--awb-margin-top:1rem;\"><p style=\"text-align: center;\"><a href=\"https:\/\/goo.gl\/maps\/soA7qnLt9pjBNrUo7\"><b>Carretera de Sils, 39, 17430<br \/>\nSanta Coloma de Farners<\/b><\/a><\/p>\n<\/div><\/div><\/div><\/div><\/div><\/p>\n","protected":false},"excerpt":{"rendered":"","protected":false},"author":1,"featured_media":0,"parent":3609,"menu_order":3,"comment_status":"closed","ping_status":"closed","template":"100-width.php","meta":{"footnotes":""},"class_list":["post-3626","page","type-page","status-publish","hentry"],"yoast_head":"<!-- This site is optimized with the Yoast SEO plugin v23.0 - https:\/\/yoast.com\/wordpress\/plugins\/seo\/ -->\n<title>Applied Technology - Casassayas Consultoria Tur\u00edstica<\/title>\n<meta name=\"robots\" content=\"index, follow, max-snippet:-1, max-image-preview:large, max-video-preview:-1\" \/>\n<link rel=\"canonical\" href=\"https:\/\/www.casassayas.com\/en\/services\/applied-technology\/\" \/>\n<meta property=\"og:locale\" content=\"en_US\" \/>\n<meta property=\"og:type\" content=\"article\" \/>\n<meta property=\"og:title\" content=\"Applied Technology - Casassayas Consultoria Tur\u00edstica\" \/>\n<meta property=\"og:url\" content=\"https:\/\/www.casassayas.com\/en\/services\/applied-technology\/\" \/>\n<meta property=\"og:site_name\" content=\"Casassayas Consultoria Tur\u00edstica\" \/>\n<meta property=\"article:modified_time\" content=\"2022-11-14T14:42:36+00:00\" \/>\n<meta name=\"twitter:card\" content=\"summary_large_image\" \/>\n<meta name=\"twitter:label1\" content=\"Est. reading time\" \/>\n\t<meta name=\"twitter:data1\" content=\"7 minutes\" \/>\n<script type=\"application\/ld+json\" class=\"yoast-schema-graph\">{\"@context\":\"https:\/\/schema.org\",\"@graph\":[{\"@type\":\"WebPage\",\"@id\":\"https:\/\/www.casassayas.com\/en\/services\/applied-technology\/\",\"url\":\"https:\/\/www.casassayas.com\/en\/services\/applied-technology\/\",\"name\":\"Applied Technology - Casassayas Consultoria Tur\u00edstica\",\"isPartOf\":{\"@id\":\"https:\/\/www.casassayas.com\/en\/#website\"},\"datePublished\":\"2022-02-17T08:46:27+00:00\",\"dateModified\":\"2022-11-14T14:42:36+00:00\",\"breadcrumb\":{\"@id\":\"https:\/\/www.casassayas.com\/en\/services\/applied-technology\/#breadcrumb\"},\"inLanguage\":\"en-US\",\"potentialAction\":[{\"@type\":\"ReadAction\",\"target\":[\"https:\/\/www.casassayas.com\/en\/services\/applied-technology\/\"]}]},{\"@type\":\"BreadcrumbList\",\"@id\":\"https:\/\/www.casassayas.com\/en\/services\/applied-technology\/#breadcrumb\",\"itemListElement\":[{\"@type\":\"ListItem\",\"position\":1,\"name\":\"Services\",\"item\":\"https:\/\/www.casassayas.com\/en\/services\/\"},{\"@type\":\"ListItem\",\"position\":2,\"name\":\"Applied Technology\"}]},{\"@type\":\"WebSite\",\"@id\":\"https:\/\/www.casassayas.com\/en\/#website\",\"url\":\"https:\/\/www.casassayas.com\/en\/\",\"name\":\"Casassayas Consultoria Tur\u00edstica\",\"description\":\"Consultoria tur\u00edstica especialitzada en la planificaci\u00f3 i gesti\u00f3 de destinacions tur\u00edstiques.\",\"potentialAction\":[{\"@type\":\"SearchAction\",\"target\":{\"@type\":\"EntryPoint\",\"urlTemplate\":\"https:\/\/www.casassayas.com\/en\/?s={search_term_string}\"},\"query-input\":\"required name=search_term_string\"}],\"inLanguage\":\"en-US\"}]}<\/script>\n<!-- \/ Yoast SEO plugin. -->","yoast_head_json":{"title":"Applied Technology - Casassayas Consultoria Tur\u00edstica","robots":{"index":"index","follow":"follow","max-snippet":"max-snippet:-1","max-image-preview":"max-image-preview:large","max-video-preview":"max-video-preview:-1"},"canonical":"https:\/\/www.casassayas.com\/en\/services\/applied-technology\/","og_locale":"en_US","og_type":"article","og_title":"Applied Technology - Casassayas Consultoria Tur\u00edstica","og_url":"https:\/\/www.casassayas.com\/en\/services\/applied-technology\/","og_site_name":"Casassayas Consultoria Tur\u00edstica","article_modified_time":"2022-11-14T14:42:36+00:00","twitter_card":"summary_large_image","twitter_misc":{"Est. reading time":"7 minutes"},"schema":{"@context":"https:\/\/schema.org","@graph":[{"@type":"WebPage","@id":"https:\/\/www.casassayas.com\/en\/services\/applied-technology\/","url":"https:\/\/www.casassayas.com\/en\/services\/applied-technology\/","name":"Applied Technology - Casassayas Consultoria Tur\u00edstica","isPartOf":{"@id":"https:\/\/www.casassayas.com\/en\/#website"},"datePublished":"2022-02-17T08:46:27+00:00","dateModified":"2022-11-14T14:42:36+00:00","breadcrumb":{"@id":"https:\/\/www.casassayas.com\/en\/services\/applied-technology\/#breadcrumb"},"inLanguage":"en-US","potentialAction":[{"@type":"ReadAction","target":["https:\/\/www.casassayas.com\/en\/services\/applied-technology\/"]}]},{"@type":"BreadcrumbList","@id":"https:\/\/www.casassayas.com\/en\/services\/applied-technology\/#breadcrumb","itemListElement":[{"@type":"ListItem","position":1,"name":"Services","item":"https:\/\/www.casassayas.com\/en\/services\/"},{"@type":"ListItem","position":2,"name":"Applied Technology"}]},{"@type":"WebSite","@id":"https:\/\/www.casassayas.com\/en\/#website","url":"https:\/\/www.casassayas.com\/en\/","name":"Casassayas Consultoria Tur\u00edstica","description":"Consultoria tur\u00edstica especialitzada en la planificaci\u00f3 i gesti\u00f3 de destinacions tur\u00edstiques.","potentialAction":[{"@type":"SearchAction","target":{"@type":"EntryPoint","urlTemplate":"https:\/\/www.casassayas.com\/en\/?s={search_term_string}"},"query-input":"required name=search_term_string"}],"inLanguage":"en-US"}]}},"_links":{"self":[{"href":"https:\/\/www.casassayas.com\/en\/wp-json\/wp\/v2\/pages\/3626","targetHints":{"allow":["GET"]}}],"collection":[{"href":"https:\/\/www.casassayas.com\/en\/wp-json\/wp\/v2\/pages"}],"about":[{"href":"https:\/\/www.casassayas.com\/en\/wp-json\/wp\/v2\/types\/page"}],"author":[{"embeddable":true,"href":"https:\/\/www.casassayas.com\/en\/wp-json\/wp\/v2\/users\/1"}],"replies":[{"embeddable":true,"href":"https:\/\/www.casassayas.com\/en\/wp-json\/wp\/v2\/comments?post=3626"}],"version-history":[{"count":4,"href":"https:\/\/www.casassayas.com\/en\/wp-json\/wp\/v2\/pages\/3626\/revisions"}],"predecessor-version":[{"id":3657,"href":"https:\/\/www.casassayas.com\/en\/wp-json\/wp\/v2\/pages\/3626\/revisions\/3657"}],"up":[{"embeddable":true,"href":"https:\/\/www.casassayas.com\/en\/wp-json\/wp\/v2\/pages\/3609"}],"wp:attachment":[{"href":"https:\/\/www.casassayas.com\/en\/wp-json\/wp\/v2\/media?parent=3626"}],"curies":[{"name":"wp","href":"https:\/\/api.w.org\/{rel}","templated":true}]}}