{"id":3607,"date":"2022-01-28T13:41:07","date_gmt":"2022-01-28T13:41:07","guid":{"rendered":"https:\/\/www.casassayas.com\/web-privacy\/"},"modified":"2022-11-07T13:21:21","modified_gmt":"2022-11-07T13:21:21","slug":"web-privacy","status":"publish","type":"page","link":"https:\/\/www.casassayas.com\/en\/web-privacy\/","title":{"rendered":"Web privacy"},"content":{"rendered":"<div class=\"fusion-fullwidth fullwidth-box fusion-builder-row-1 fusion-flex-container nonhundred-percent-fullwidth non-hundred-percent-height-scrolling\" style=\"--awb-border-radius-top-left:0px;--awb-border-radius-top-right:0px;--awb-border-radius-bottom-right:0px;--awb-border-radius-bottom-left:0px;--awb-flex-wrap:wrap;\" ><div class=\"fusion-builder-row fusion-row fusion-flex-align-items-flex-start fusion-flex-content-wrap\" style=\"max-width:1365px;margin-left: calc(-5% \/ 2 );margin-right: calc(-5% \/ 2 );\"><div class=\"fusion-layout-column fusion_builder_column fusion-builder-column-0 fusion_builder_column_1_1 1_1 fusion-flex-column\" style=\"--awb-bg-size:cover;--awb-width-large:100%;--awb-margin-top-large:0px;--awb-spacing-right-large:2.375%;--awb-margin-bottom-large:20px;--awb-spacing-left-large:2.375%;--awb-width-medium:100%;--awb-order-medium:0;--awb-spacing-right-medium:2.375%;--awb-spacing-left-medium:2.375%;--awb-width-small:100%;--awb-order-small:0;--awb-spacing-right-small:2.375%;--awb-spacing-left-small:2.375%;\"><div class=\"fusion-column-wrapper fusion-column-has-shadow fusion-flex-justify-content-flex-start fusion-content-layout-column\"><div class=\"fusion-title title fusion-title-1 fusion-sep-none fusion-title-text fusion-title-size-one\" style=\"--awb-margin-bottom:2rem;\"><h1 class=\"fusion-title-heading title-heading-left\" style=\"margin:0;\">Responsible for data processing<\/h1><\/div><div class=\"fusion-text fusion-text-1\" style=\"--awb-text-transform:none;\"><p><span style=\"font-weight: 400;\">In compliance with the duty of information established by Law La 34\/2002, of July 11, on Services of the Information Society and Electronic Commerce, we inform you that this website is owned by:<\/span><\/p>\n<p><span style=\"font-weight: 400;\">Company Name: Jordi Casassayas Cabanas (Hereinafter The Manager)<\/span><\/p>\n<p><span style=\"font-weight: 400;\">CIF \/ NIF: 40347302N<\/span><\/p>\n<p><span style=\"font-weight: 400;\">Registered Office: Ctra. de Sils, 39, 17430 Santa Coloma de Farners (Girona)<\/span><\/p>\n<p><span style=\"font-weight: 400;\">Phone: 699 905 679<\/span><\/p>\n<p><span style=\"font-weight: 400;\">e-Mail: jordi@casassayas.com<\/span><\/p>\n<p><span style=\"font-weight: 400;\">Domain name: https:\/\/www.casassayas.com (Hereinafter The Website)<\/span><\/p>\n<\/div><div class=\"fusion-title title fusion-title-2 fusion-sep-none fusion-title-text fusion-title-size-four\" style=\"--awb-margin-top:2rem;\"><h4 class=\"fusion-title-heading title-heading-left\" style=\"margin:0;\"><span style=\"font-weight: 400;\">Object<\/span><\/h4><\/div><div class=\"fusion-text fusion-text-2\" style=\"--awb-text-transform:none;\"><p><span style=\"font-weight: 400;\">The person in charge makes this document available to users, with which it aims to comply with the current regulations on data protection, and in the context of the new regulatory framework established under Regulation (EU) 2016\/ 679 of the European Parliament and of the Council, of April 27, 2016, relating to the protection of natural persons with regard to the processing of personal data and the free circulation of such data (hereinafter, the &#8220;RGPD&#8221;), and the national regulations on the protection of personal data, as well as informing all users of the website regarding the conditions of use thereof.<\/span><\/p>\n<p><span style=\"font-weight: 400;\"><br \/>\n<\/span><span style=\"font-weight: 400;\">Everyone who accesses this website assumes the role of user, committing to strict observance and compliance with the provisions set out here, as well as any other legal provisions that are not applicable.<\/span><\/p>\n<p>&nbsp;<\/p>\n<p><span style=\"font-weight: 400;\">The person in charge reserves the right to modify any type of information that may appear on the website, without any obligation to notify or make users aware of these obligations, with publication on the website of the person in charge being understood as sufficient.<\/span><\/p>\n<\/div><div class=\"fusion-title title fusion-title-3 fusion-sep-none fusion-title-text fusion-title-size-four\" style=\"--awb-margin-top:2rem;\"><h4 class=\"fusion-title-heading title-heading-left\" style=\"margin:0;\"> <span style=\"font-weight: 400;\">Responsibility<\/span> <\/h4><\/div><div class=\"fusion-text fusion-text-3\" style=\"--awb-text-transform:none;\"><p> <span style=\"font-weight: 400;\">The person in charge is exempt from any type of responsibility derived from the information published on their website, provided that this information has been manipulated or entered by a third party unrelated to it. <\/span> <\/p>\n<p> &nbsp; <\/p>\n<\/div><div class=\"fusion-title title fusion-title-4 fusion-sep-none fusion-title-text fusion-title-size-four\"><h4 class=\"fusion-title-heading title-heading-left\" style=\"margin:0;\">IP addresses<\/h4><\/div><div class=\"fusion-text fusion-text-4\" style=\"--awb-text-transform:none;\"><p><span style=\"font-weight: 400;\">The website servers will be able to automatically detect the IP address and domain name used by the user.<\/span><\/p>\n<p><span style=\"font-weight: 400;\">An IP address is a number automatically assigned to a computer when it connects to the Internet. All this information is recorded in a server activity file, duly registered, which allows the subsequent processing of the data in order to obtain purely statistical measures that allow to know the number of page impressions, the number of visits made to web servers, order of visits, access point, etc.<\/span><\/p>\n<p>&nbsp;<\/p>\n<\/div><div class=\"fusion-title title fusion-title-5 fusion-sep-none fusion-title-text fusion-title-size-four\"><h4 class=\"fusion-title-heading title-heading-left\" style=\"margin:0;\"><span style=\"font-weight: 400;\">Links Policy<\/span><\/h4><\/div><div class=\"fusion-text fusion-text-5\" style=\"--awb-text-transform:none;\"><p><span style=\"font-weight: 400;\">From this website it is possible to be redirected to contents of third websites. Since the person in charge cannot always control the content entered by third parties on their websites, he does not assume any type of responsibility regarding this content. In any case, the Person in charge declares that he will proceed with the immediate removal of any content that could contravene national or international legislation, morals or public order, proceeding with the immediate removal of the redirection to said website, notifying the competent authorities the content in question.<\/span><\/p>\n<p><span style=\"font-weight: 400;\">The person in charge is not responsible for the information and content stored, by way of example but not limitation, in forums, chat, blog generators, comments, social networks or any other means that allows third parties to publish content independently on the website of the responsible However and in compliance with the provisions of art. 11 and 16 of the LSSICE, the Person in charge makes himself available to all users, authorities and security forces, actively collaborating in the removal or, where appropriate, blocking of all those contents that may affect or contravene national legislation, or international, third party rights or morality and public order. If the user considers that there is any content on the website that could be subject to this classification, please inform the website administrator immediately.<\/span><\/p>\n<p><span style=\"font-weight: 400;\"><br \/>\n<\/span><span style=\"font-weight: 400;\">This website has been reviewed and tested to work correctly. In principle, correct operation can be guaranteed 365 days a year, 24 hours a day. However, the Responsible does not rule out the possibility that certain programming errors exist, or that they become causes of force majeure, natural disasters, strikes, or similar circumstances that make access to the website impossible.<\/span><\/p>\n<\/div><div class=\"fusion-title title fusion-title-6 fusion-sep-none fusion-title-text fusion-title-size-four\" style=\"--awb-margin-top:2rem;\"><h4 class=\"fusion-title-heading title-heading-left\" style=\"margin:0;\"><span style=\"font-weight: 400;\">Data Protection<\/span><\/h4><\/div><div class=\"fusion-text fusion-text-6\" style=\"--awb-text-transform:none;\"><p><span style=\"font-weight: 400;\">The person in charge is deeply committed to complying with the current regulations on data protection, and in the context of the new regulatory framework established under Regulation (EU) 2016\/679 of the European Parliament and of the Council , of April 27, 2016, relating to the protection of natural persons with regard to the processing of personal data and the free circulation of such data (hereinafter, the &#8220;RGPD&#8221;), and the national regulations on Protection of personal information.<\/span><\/p>\n<p><span style=\"font-weight: 400;\"><br \/>\n<\/span><span style=\"font-weight: 400;\">Likewise, the Person in charge informs that to comply with Law 34\/2002 of July 11, on Services of the Information Society and Electronic Commerce and will request your consent to the processing of your data for commercial purposes at every moment<\/span><\/p>\n<\/div><div class=\"fusion-title title fusion-title-7 fusion-sep-none fusion-title-text fusion-title-size-four\" style=\"--awb-margin-top:2rem;\"><h4 class=\"fusion-title-heading title-heading-left\" style=\"margin:0;\">Intellectual and industrial property<\/h4><\/div><div class=\"fusion-text fusion-text-7\" style=\"--awb-text-transform:none;\"><p><span style=\"font-weight: 400;\">The website, including the indicative title but not limiting its programming, editing, compilation and other elements necessary for its operation, the designs, logos, text and\/or graphics are the property of the person in charge or, where applicable, have a license or authorization expressed by the authors. <\/span><\/p>\n<p><span style=\"font-weight: 400;\">All the contents of the website are duly protected by intellectual and industrial property regulations.<\/span><\/p>\n<p><span style=\"font-weight: 400;\">Regardless of the purpose for which they were intended, the total or partial reproduction, use, exploitation, distribution and commercialization, in any case requires prior written authorization from the person in charge. Any use not previously authorized by the person in charge will be considered a serious breach of the author&#8217;s intellectual or industrial property rights.<\/span><\/p>\n<p><span style=\"font-weight: 400;\">The designs, logos, text and\/or graphics that do not belong to the provider and that may appear on the website belong to their respective owners, being themselves responsible for any possible controversy that may arise regarding them. In any case, the Person in charge has the express and prior authorization of these.<\/span><\/p>\n<p><span style=\"font-weight: 400;\">The person in charge expressly authorizes third parties to redirect directly to the specific contents of the website, and in any case redirect to the main page of the person in charge&#8217;s website.<\/span><\/p>\n<p><span style=\"font-weight: 400;\"><br \/>\n<\/span><span style=\"font-weight: 400;\">The Person in charge recognizes in favor of their holders the corresponding intellectual and industrial property rights, not implying their mere mention or appearance on the website the existence of any rights or responsibility of the person in charge over them, nor support, sponsorship or recommendation on your part.<\/span><\/p>\n<p><span style=\"font-weight: 400;\"><br \/>\n<\/span><span style=\"font-weight: 400;\">For all those images where the design software allows it, the corresponding references to authorship and corresponding license have been included.<\/span><\/p>\n<p><span style=\"font-weight: 400;\"><br \/>\n<\/span><span style=\"font-weight: 400;\">To make any type of observation regarding possible breaches of intellectual or industrial property rights, as well as any of the website&#8217;s content, you can do so through the following email: jordi@casassayas.com<\/span><\/p>\n<\/div><div class=\"fusion-title title fusion-title-8 fusion-sep-none fusion-title-text fusion-title-size-four\"><h4 class=\"fusion-title-heading title-heading-left\" style=\"margin:0;\">Privacy policy<\/h4><\/div><div class=\"fusion-text fusion-text-8\" style=\"--awb-text-transform:none;\"><p><span style=\"font-weight: 400;\">  1.  <\/span><b>Information to the User<\/b><\/p>\n<p><span style=\"font-weight: 400;\">JORDI CASASSAYAS CABANAS informs the users of the website about its policy regarding the treatment and protection of the personal data of users and customers that may be collected by browsing through its website.<\/span><\/p>\n<p><span style=\"font-weight: 400;\">JORDI CASASSAYAS CABANAS is the person responsible for the processing of the User&#8217;s personal data, so the following information is provided regarding the processing of his data:<\/span><\/p>\n<p><span style=\"font-weight: 400;\">Purpose of processing your data: maintaining a commercial relationship with the User. The planned operations to carry out the treatment are:<\/span><\/p>\n<ul>\n<li style=\"font-weight: 400;\" aria-level=\"1\"><span style=\"font-weight: 400;\"> Sending commercial advertising communications by e-mail, fax, SMS, MMS, social networks or any other electronic or physical means, present or future, that makes it possible to carry out commercial communications. These communications will be made by <\/span><span style=\"font-weight: 400;\">JORDI CASASSAYAS CABANAS <\/span><span style=\"font-weight: 400;\">and related to its products and services, or those of its collaborators or suppliers with whom it has reached a promotional agreement. In this case, third parties will never have access to personal data.<\/span><\/li>\n<li style=\"font-weight: 400;\" aria-level=\"1\"><span style=\"font-weight: 400;\">Process request orders or any type of request that is made by the user through any of the forms of contact that are available.<\/span><\/li>\n<li style=\"font-weight: 400;\" aria-level=\"1\"><span style=\"font-weight: 400;\"> Submit the website newsletter.<\/span><\/li>\n<\/ul>\n<p><span style=\"font-weight: 400;\">Data retention criteria: The personal data provided will be retained until its suspension is requested by the interested party, exercising their rights over the data, and in any case in compliance with legal prescription periods that are applicable to you.<\/span><\/p>\n<p><span style=\"font-weight: 400;\">Data communication or session: Your data will be processed by JORDI CASASSAYAS CABANAS, collaborators and service providers.<\/span><\/p>\n<p><span style=\"font-weight: 400;\">Rights that assist the User:<\/span><\/p>\n<ul>\n<li><span style=\"font-weight: 400;\"> Right to withdraw consent at any time.<\/span><\/li>\n<li><span style=\"font-weight: 400;\"> Right of access, rectification, deletion, portability of your data and the limitation or opposition of its treatment, as well as not being subject to automated individual decisions.<\/span><\/li>\n<\/ul>\n<p><span style=\"background-color: rgba(255, 255, 255, 0); color: var(--body_typography-color); font-family: var(--body_typography-font-family); font-size: var(--body_typography-font-size); font-style: var(--body_typography-font-style,normal); letter-spacing: var(--body_typography-letter-spacing);\">Contact details to exercise your rights:<\/span><\/p>\n<p><span style=\"font-weight: 400;\">You must properly identify and clearly request the right to exercise.<\/span><\/p>\n<ul>\n<li style=\"font-weight: 400;\" aria-level=\"1\"><span style=\"font-weight: 400;\">Postal address: <\/span><span style=\"font-weight: 400;\">JORDI CASASSAYAS CABANAS<\/span><span style=\"font-weight: 400;\">, Ctra. de Sils, 39, 17430 Santa Coloma de Farners (Girona)<\/span><\/li>\n<li style=\"font-weight: 400;\" aria-level=\"1\"><span style=\"font-weight: 400;\">Email address : jordi@casassayas.com<\/span><\/li>\n<\/ul>\n<p><b> <\/b>2<b>. Information provided by the user<\/b><\/p>\n<p><span style=\"font-weight: 400;\">If you are under 18 years of age, the use of forms on our website is not permitted.<\/span><span style=\"font-weight: 400;\"><br \/>\n<\/span><span style=\"font-weight: 400;\">Users, by entering your data in the contact forms or presented in download forms, expressly and freely and unequivocally accept that their data is necessary to attend to their request, by the person in charge, the inclusion of data in the remaining fields.<\/span><\/p>\n<p><span style=\"font-weight: 400;\">The User guarantees that the personal data provided to the provider are true and is responsible for communicating any changes to them.<\/span><\/p>\n<p><span style=\"font-weight: 400;\">All the data requested through the website are necessary for the provision of an optimal service to the user. In the event that all the data are not provided, it is not guaranteed that the information and services provided by the person in charge will be completely adjusted to your needs.<\/span><\/p>\n<ol start=\"3\">\n<li><b> Security measures<\/b><\/li>\n<\/ol>\n<p><span style=\"font-weight: 400;\">That in accordance with the current regulations on the protection of personal data, the Controller is complying with all the provisions of the RGPD and LOPD regulations for the processing of personal data under his responsibility, and obviously with the principles described in article 5 of the RGPD and in article 4 of the LOPD, by which they are treated lawfully, loyally and transparently in relation to the interested party and adequate, relevant and limited to what is necessary in relation to the purposes for to which they are treated.<\/span><\/p>\n<p><span style=\"font-weight: 400;\">The manager guarantees that he has implemented appropriate technical and organizational policies to apply the security measures established by the RGPD and the LOPD in order to protect the rights and freedoms of Users and has communicated the appropriate information to them so that they can exercise them.<\/span><\/p>\n<ol start=\"4\">\n<li><b>Security Breaches<\/b><\/li>\n<\/ol>\n<p><span style=\"font-weight: 400;\">The person in charge will inform each and every person whose data may have been affected, and authorities, of any security breach that affects the database used by this website, or that affects any of our third-party services. within 72 hours of detection of the breach.<\/span><\/p>\n<p><span style=\"font-weight: 400;\">APPLICABLE LEGISLATION AND JURISDICTION For the resolution of all controversies or issues related to this website or the activities carried out on it, Spanish legislation will apply, to which the parties expressly submit, being competent for the resolution of all conflicts arising from or related to its use by the Courts and Tribunals of Girona.<\/span><\/p>\n<\/div><\/div><\/div><\/div><\/div>\n","protected":false},"excerpt":{"rendered":"","protected":false},"author":1,"featured_media":0,"parent":0,"menu_order":0,"comment_status":"closed","ping_status":"open","template":"","meta":{"footnotes":""},"class_list":["post-3607","page","type-page","status-publish","hentry"],"yoast_head":"<!-- This site is optimized with the Yoast SEO plugin v23.0 - https:\/\/yoast.com\/wordpress\/plugins\/seo\/ -->\n<title>Web privacy - Casassayas Consultoria Tur\u00edstica<\/title>\n<meta name=\"robots\" content=\"index, follow, max-snippet:-1, max-image-preview:large, max-video-preview:-1\" \/>\n<link rel=\"canonical\" href=\"https:\/\/www.casassayas.com\/en\/web-privacy\/\" \/>\n<meta property=\"og:locale\" content=\"en_US\" \/>\n<meta property=\"og:type\" content=\"article\" \/>\n<meta property=\"og:title\" content=\"Web privacy - Casassayas Consultoria Tur\u00edstica\" \/>\n<meta property=\"og:url\" content=\"https:\/\/www.casassayas.com\/en\/web-privacy\/\" \/>\n<meta property=\"og:site_name\" content=\"Casassayas Consultoria Tur\u00edstica\" \/>\n<meta property=\"article:modified_time\" content=\"2022-11-07T13:21:21+00:00\" \/>\n<meta name=\"twitter:card\" content=\"summary_large_image\" \/>\n<meta name=\"twitter:label1\" content=\"Est. reading time\" \/>\n\t<meta name=\"twitter:data1\" content=\"14 minutes\" \/>\n<script type=\"application\/ld+json\" class=\"yoast-schema-graph\">{\"@context\":\"https:\/\/schema.org\",\"@graph\":[{\"@type\":\"WebPage\",\"@id\":\"https:\/\/www.casassayas.com\/en\/web-privacy\/\",\"url\":\"https:\/\/www.casassayas.com\/en\/web-privacy\/\",\"name\":\"Web privacy - Casassayas Consultoria Tur\u00edstica\",\"isPartOf\":{\"@id\":\"https:\/\/www.casassayas.com\/en\/#website\"},\"datePublished\":\"2022-01-28T13:41:07+00:00\",\"dateModified\":\"2022-11-07T13:21:21+00:00\",\"inLanguage\":\"en-US\",\"potentialAction\":[{\"@type\":\"ReadAction\",\"target\":[\"https:\/\/www.casassayas.com\/en\/web-privacy\/\"]}]},{\"@type\":\"WebSite\",\"@id\":\"https:\/\/www.casassayas.com\/en\/#website\",\"url\":\"https:\/\/www.casassayas.com\/en\/\",\"name\":\"Casassayas Consultoria Tur\u00edstica\",\"description\":\"Consultoria tur\u00edstica especialitzada en la planificaci\u00f3 i gesti\u00f3 de destinacions tur\u00edstiques.\",\"potentialAction\":[{\"@type\":\"SearchAction\",\"target\":{\"@type\":\"EntryPoint\",\"urlTemplate\":\"https:\/\/www.casassayas.com\/en\/?s={search_term_string}\"},\"query-input\":\"required name=search_term_string\"}],\"inLanguage\":\"en-US\"}]}<\/script>\n<!-- \/ Yoast SEO plugin. -->","yoast_head_json":{"title":"Web privacy - Casassayas Consultoria Tur\u00edstica","robots":{"index":"index","follow":"follow","max-snippet":"max-snippet:-1","max-image-preview":"max-image-preview:large","max-video-preview":"max-video-preview:-1"},"canonical":"https:\/\/www.casassayas.com\/en\/web-privacy\/","og_locale":"en_US","og_type":"article","og_title":"Web privacy - Casassayas Consultoria Tur\u00edstica","og_url":"https:\/\/www.casassayas.com\/en\/web-privacy\/","og_site_name":"Casassayas Consultoria Tur\u00edstica","article_modified_time":"2022-11-07T13:21:21+00:00","twitter_card":"summary_large_image","twitter_misc":{"Est. reading time":"14 minutes"},"schema":{"@context":"https:\/\/schema.org","@graph":[{"@type":"WebPage","@id":"https:\/\/www.casassayas.com\/en\/web-privacy\/","url":"https:\/\/www.casassayas.com\/en\/web-privacy\/","name":"Web privacy - Casassayas Consultoria Tur\u00edstica","isPartOf":{"@id":"https:\/\/www.casassayas.com\/en\/#website"},"datePublished":"2022-01-28T13:41:07+00:00","dateModified":"2022-11-07T13:21:21+00:00","inLanguage":"en-US","potentialAction":[{"@type":"ReadAction","target":["https:\/\/www.casassayas.com\/en\/web-privacy\/"]}]},{"@type":"WebSite","@id":"https:\/\/www.casassayas.com\/en\/#website","url":"https:\/\/www.casassayas.com\/en\/","name":"Casassayas Consultoria Tur\u00edstica","description":"Consultoria tur\u00edstica especialitzada en la planificaci\u00f3 i gesti\u00f3 de destinacions tur\u00edstiques.","potentialAction":[{"@type":"SearchAction","target":{"@type":"EntryPoint","urlTemplate":"https:\/\/www.casassayas.com\/en\/?s={search_term_string}"},"query-input":"required name=search_term_string"}],"inLanguage":"en-US"}]}},"_links":{"self":[{"href":"https:\/\/www.casassayas.com\/en\/wp-json\/wp\/v2\/pages\/3607","targetHints":{"allow":["GET"]}}],"collection":[{"href":"https:\/\/www.casassayas.com\/en\/wp-json\/wp\/v2\/pages"}],"about":[{"href":"https:\/\/www.casassayas.com\/en\/wp-json\/wp\/v2\/types\/page"}],"author":[{"embeddable":true,"href":"https:\/\/www.casassayas.com\/en\/wp-json\/wp\/v2\/users\/1"}],"replies":[{"embeddable":true,"href":"https:\/\/www.casassayas.com\/en\/wp-json\/wp\/v2\/comments?post=3607"}],"version-history":[{"count":1,"href":"https:\/\/www.casassayas.com\/en\/wp-json\/wp\/v2\/pages\/3607\/revisions"}],"predecessor-version":[{"id":3608,"href":"https:\/\/www.casassayas.com\/en\/wp-json\/wp\/v2\/pages\/3607\/revisions\/3608"}],"wp:attachment":[{"href":"https:\/\/www.casassayas.com\/en\/wp-json\/wp\/v2\/media?parent=3607"}],"curies":[{"name":"wp","href":"https:\/\/api.w.org\/{rel}","templated":true}]}}