{"id":3606,"date":"2022-03-22T14:30:52","date_gmt":"2022-03-22T14:30:52","guid":{"rendered":"https:\/\/www.casassayas.com\/cookie-policy\/"},"modified":"2022-03-22T14:30:52","modified_gmt":"2022-03-22T14:30:52","slug":"cookie-policy","status":"publish","type":"page","link":"https:\/\/www.casassayas.com\/en\/cookie-policy\/","title":{"rendered":"Cookie policy"},"content":{"rendered":"<div class=\"fusion-fullwidth fullwidth-box fusion-builder-row-1 fusion-flex-container nonhundred-percent-fullwidth non-hundred-percent-height-scrolling\" style=\"--awb-border-radius-top-left:0px;--awb-border-radius-top-right:0px;--awb-border-radius-bottom-right:0px;--awb-border-radius-bottom-left:0px;--awb-flex-wrap:wrap;\" ><div class=\"fusion-builder-row fusion-row fusion-flex-align-items-flex-start fusion-flex-content-wrap\" style=\"max-width:1365px;margin-left: calc(-5% \/ 2 );margin-right: calc(-5% \/ 2 );\"><div class=\"fusion-layout-column fusion_builder_column fusion-builder-column-0 fusion_builder_column_1_1 1_1 fusion-flex-column\" style=\"--awb-bg-size:cover;--awb-width-large:100%;--awb-margin-top-large:0px;--awb-spacing-right-large:2.375%;--awb-margin-bottom-large:20px;--awb-spacing-left-large:2.375%;--awb-width-medium:100%;--awb-order-medium:0;--awb-spacing-right-medium:2.375%;--awb-spacing-left-medium:2.375%;--awb-width-small:100%;--awb-order-small:0;--awb-spacing-right-small:2.375%;--awb-spacing-left-small:2.375%;\"><div class=\"fusion-column-wrapper fusion-column-has-shadow fusion-flex-justify-content-flex-start fusion-content-layout-column\"><div class=\"fusion-title title fusion-title-1 fusion-sep-none fusion-title-text fusion-title-size-one\"><h1 class=\"fusion-title-heading title-heading-left\" style=\"margin:0;\">Cookie policy<\/h1><\/div><div class=\"fusion-text fusion-text-1\" style=\"--awb-text-transform:none;\"><p><span style=\"font-weight: 400;\">The website stores information on the IP addresses from which it is accessed and uses cookies. Cookies are small text files that contain information and that websites send to the user&#8217;s computer when they browse. Cookies help us improve our website and offer a better and more personalized browsing experience. Specifically, they allow us to:<\/span><\/p>\n<ol>\n<li><span style=\"font-weight: 400;\"> Store information about the user&#8217;s preferences and customize our website based on their particular interests.<\/span><\/li>\n<li><span style=\"font-weight: 400;\"> Provide a better service to the user without storing any personal data that allows to identify him.<\/span><\/li>\n<li><span style=\"font-weight: 400;\"> Speed \u200b\u200bup searches.<\/span><\/li>\n<li><span style=\"font-weight: 400;\"> Recognize the computer when the user returns to a website again.<\/span><\/li>\n<li><span style=\"font-weight: 400;\"> Obtain data derived from traffic and user interaction on our website in order to identify trends and for statistical purposes.<\/span><\/li>\n<\/ol>\n<\/div><div class=\"fusion-title title fusion-title-2 fusion-sep-none fusion-title-text fusion-title-size-four\" style=\"--awb-margin-top:3rem;\"><h4 class=\"fusion-title-heading title-heading-left\" style=\"margin:0;\"><b>Own cookies<\/b><\/h4><\/div>\n<div class=\"table-1\">\n<table style=\"height: 94px;\" width=\"711\">\n<thead>\n<tr>\n<th align=\"left\">Name<\/th>\n<th align=\"left\">Purpose<\/th>\n<th align=\"left\">Expiry<\/th>\n<\/tr>\n<\/thead>\n<tbody>\n<tr>\n<td align=\"left\">language<\/td>\n<td align=\"left\">Maintain and remember the language in which the user navigates<\/td>\n<td align=\"left\">1 month<\/td>\n<\/tr>\n<tr>\n<td align=\"left\">Cookies Law<\/td>\n<td align=\"left\">Identify if the user has accepted the use of cookies<\/td>\n<td align=\"left\">1 month<\/td>\n<\/tr>\n<\/tbody>\n<\/table>\n<\/div>\n<div class=\"fusion-title title fusion-title-3 fusion-sep-none fusion-title-text fusion-title-size-four\" style=\"--awb-margin-top:3rem;\"><h4 class=\"fusion-title-heading title-heading-left\" style=\"margin:0;\"><b>Strictly necessary<\/b><\/h4><\/div><div class=\"fusion-text fusion-text-2\" style=\"--awb-text-transform:none;\"><p><span style=\"font-weight: 400;\">They are essential cookies for the web pages of costabrava.org to carry out their basic functions. Among these cookies are included, for example, those that serve to allow correct navigation or those that ensure that the content of the web page is loaded effectively, for periodic maintenance purposes and to guarantee the best possible service to the user.<\/span><\/p>\n<\/div><div class=\"fusion-title title fusion-title-4 fusion-sep-none fusion-title-rotating fusion-loop-off fusion-title-bounceIn fusion-title-size-four\"><h4 class=\"fusion-title-heading title-heading-left\" style=\"margin:0;\"><span class=\"fusion-animated-text-prefix\"><\/span>  <span class=\"fusion-animated-text-postfix\"><\/span><\/h4><\/div><div class=\"fusion-text fusion-text-3\" style=\"--awb-text-transform:none;\"><p><span style=\"font-weight: 400;\">These cookies are used to store preferences set by users, such as account name, language and location. They are not used to track visitors to sites that are not hosted on web servers.<\/span><\/p>\n<\/div><div class=\"fusion-title title fusion-title-5 fusion-sep-none fusion-title-text fusion-title-size-four\" style=\"--awb-margin-top:3rem;\"><h4 class=\"fusion-title-heading title-heading-left\" style=\"margin:0;\"><b>Performance<\/b><\/h4><\/div><div class=\"fusion-text fusion-text-4\" style=\"--awb-text-transform:none;\"><p><span style=\"font-weight: 400;\">Performance cookies collect information about how users interact with the web, such as which pages have the most visits and other analytical data. These details are only used to improve the functioning of a website.<\/span><\/p>\n<\/div><div class=\"fusion-title title fusion-title-6 fusion-sep-none fusion-title-text fusion-title-size-four\" style=\"--awb-margin-top:3rem;\"><h4 class=\"fusion-title-heading title-heading-left\" style=\"margin:0;\"><b>Third party cookies<\/b><\/h4><\/div>\n<table>\n<tbody>\n<tr>\n<td><span style=\"font-weight: 400;\">Cookie<\/span><\/td>\n<td><span style=\"font-weight: 400;\">Name<\/span><\/td>\n<td><span style=\"font-weight: 400;\">Purpose<\/span><\/td>\n<td><span style=\"font-weight: 400;\">Expiry<\/span><\/td>\n<\/tr>\n<tr>\n<td rowspan=\"6\"><span style=\"font-weight: 400;\">Google Analytics<\/span><\/td>\n<td><span style=\"font-weight: 400;\">_gid<\/span><\/td>\n<td rowspan=\"3\"><span style=\"font-weight: 400;\">These cookies help us understand and improve the experience of our users.<\/span><\/td>\n<td><span style=\"font-weight: 400;\">24 hours<\/span><\/td>\n<\/tr>\n<tr>\n<td><span style=\"font-weight: 400;\">_ga<\/span><\/td>\n<td><span style=\"font-weight: 400;\">2 years<\/span><\/td>\n<\/tr>\n<tr>\n<td><span style=\"font-weight: 400;\">_gat<\/span><\/td>\n<td><span style=\"font-weight: 400;\">1 minute<\/span><\/td>\n<\/tr>\n<tr>\n<td><span style=\"font-weight: 400;\">_utmb<\/span><\/td>\n<td><span style=\"font-weight: 400;\">It is used to determine new sessions or visits. The cookie is created when the JavaScript library is executed and there is no cookie _utmb. The cookie is updated every time data is sent to Google Analytics.<\/span><\/td>\n<td><span style=\"font-weight: 400;\">30 minutes from setup or update<\/span><\/td>\n<\/tr>\n<tr>\n<td><span style=\"font-weight: 400;\">_utmz<\/span><\/td>\n<td><span style=\"font-weight: 400;\">It stores the traffic source or the campaign that explains how the user got to the website. The cookie is created when the JavaScript library is executed and is updated every time data is sent to Google Analytics.<\/span><\/td>\n<td><span style=\"font-weight: 400;\">6 months from configuration or update<\/span><\/td>\n<\/tr>\n<tr>\n<td><span style=\"font-weight: 400;\">_utmt<\/span><\/td>\n<td><span style=\"font-weight: 400;\">6 months from configuration or update<\/span><\/td>\n<td><span style=\"font-weight: 400;\">10 minutes<\/span><\/td>\n<\/tr>\n<tr>\n<td><span style=\"font-weight: 400;\">Google Tag Manager<\/span><\/td>\n<td><span style=\"font-weight: 400;\">\u200bgtm_authgtm_debug gtm_preview<\/span><\/td>\n<td><span style=\"font-weight: 400;\">Technical solution to manage the tracking codes of the pages.<\/span><\/td>\n<td><span style=\"font-weight: 400;\">When closing the browser<\/span><\/td>\n<\/tr>\n<tr>\n<td><span style=\"font-weight: 400;\">Facebook Pixel<\/span><\/td>\n<td><\/td>\n<td><span style=\"font-weight: 400;\">Conversion tracking and remarketing.<\/span><\/td>\n<td><\/td>\n<\/tr>\n<\/tbody>\n<\/table>\n<div class=\"fusion-title title fusion-title-7 fusion-sep-none fusion-title-text fusion-title-size-four\" style=\"--awb-margin-top:3rem;\"><h4 class=\"fusion-title-heading title-heading-left\" style=\"margin:0;\"><b>Advertising \/ tracking<\/b><\/h4><\/div><div class=\"fusion-text fusion-text-5\" style=\"--awb-text-transform:none;\"><p><span style=\"font-weight: 400;\">These cookies are used to track the volume of visitors, to track visitor details \u2014 such as the number of unique visitors, the number of times certain ads have been shown or the number of clicks they have received \u2014 and also to measure the effectiveness of advertising campaigns by creating user profiles. These cookies are set by automatic and trusted third-party networks and are generally persistent in nature.<\/span><\/p>\n<\/div><div class=\"fusion-title title fusion-title-8 fusion-sep-none fusion-title-text fusion-title-size-four\" style=\"--awb-margin-top:3rem;\"><h4 class=\"fusion-title-heading title-heading-left\" style=\"margin:0;\"><b>Third party content \/ embedded<\/b><\/h4><\/div><div class=\"fusion-text fusion-text-6\" style=\"--awb-text-transform:none;\"><p><span style=\"font-weight: 400;\">The website makes use of different third-party applications and services to improve the experience of website visitors. These include social media platforms such as Facebook and Twitter (through the use of share buttons) or embedded content from YouTube. Consequently, these third parties may set cookies and use them to track the user&#8217;s online activity. We have no direct control over the information collected by these cookies.<\/span><\/p>\n<p><span style=\"font-weight: 400;\">We use Google Analytics to analyze the use of www.casassayas.com. Google Analytics collects this information through cookies. The information collected is used to create reports on the use of the website.<\/span><\/p>\n<p><span style=\"font-weight: 400;\">Google privacy policy: <\/span><a href=\"https:\/\/www.google.com\/policies\/privacy\/\"><span style=\"font-weight: 400;\">https:\/\/www.google.com\/policies\/privacy\/<\/span><\/a><span style=\"font-weight: 400;\">.<\/span><\/p>\n<p><span style=\"font-weight: 400;\">You can view, remove or add interest categories associated with your browser at: <\/span><a href=\"https:\/\/adssettings.google.com\/\"><span style=\"font-weight: 400;\">https:\/\/adssettings.google.com<\/span><\/a><span style=\"font-weight: 400;\">. You can also reject the use (voluntary opt-out) of AdSense partners&#8217; cookies by applying the aforementioned settings or by using the NAI (Network Advertising Initiative) multiple opt-out mechanism: <\/span><a href=\"https:\/\/optout.networkadvertising.org\/\"><span style=\"font-weight: 400;\">http:\/\/optout.networkadvertising.org<\/span><\/a><span style=\"font-weight: 400;\">.<\/span><\/p>\n<\/div><div class=\"fusion-title title fusion-title-9 fusion-sep-none fusion-title-text fusion-title-size-four\" style=\"--awb-margin-top:3rem;\"><h4 class=\"fusion-title-heading title-heading-left\" style=\"margin:0;\"><b>Additional information on third-party cookie policies:<\/b><\/h4><\/div><div class=\"fusion-text fusion-text-7\" style=\"--awb-text-transform:none;\"><ul>\n<li><span style=\"font-weight: 400;\">Google: <\/span><a href=\"https:\/\/policies.google.com\/technologies\/cookies\"><span style=\"font-weight: 400;\">https:\/\/policies.google.com\/technologies\/cookies<\/span><\/a><\/li>\n<li><span style=\"font-weight: 400;\">LinkedIn: <\/span><a href=\"https:\/\/www.linkedin.com\/legal\/cookie-policy\"><span style=\"font-weight: 400;\">https:\/\/www.linkedin.com\/legal\/cookie-policy<\/span><\/a><\/li>\n<li><span style=\"font-weight: 400;\">Facebook: <\/span><a href=\"https:\/\/www.facebook.com\/policies\/cookies\/\"><span style=\"font-weight: 400;\">https:\/\/www.facebook.com\/policies\/cookies\/<\/span><\/a><\/li>\n<li><span style=\"font-weight: 400;\">YouTube: <\/span><a href=\"https:\/\/www.youtube.com\/intl\/es\/yt\/about\/policies\"><span style=\"font-weight: 400;\">https:\/\/www.youtube.com\/intl\/es\/yt\/about\/policies<\/span><\/a><\/li>\n<\/ul>\n<\/div><div class=\"fusion-title title fusion-title-10 fusion-sep-none fusion-title-text fusion-title-size-four\" style=\"--awb-margin-top:3rem;\"><h4 class=\"fusion-title-heading title-heading-left\" style=\"margin:0;\"><b>Control of cookies<\/b><\/h4><\/div><div class=\"fusion-text fusion-text-8\" style=\"--awb-text-transform:none;\"><p><span style=\"font-weight: 400;\">Visitors may wish to restrict the use of cookies or completely prevent them from being set. Most browsers offer ways to control the behavior of cookies, such as the amount of time they are stored, either through built-in functionality or through the use of third-party plugins.<\/span><\/p>\n<p><span style=\"font-weight: 400;\">For more information on how to manage and delete cookies, visit <\/span><a href=\"https:\/\/aboutcookies.org\/\"><span style=\"font-weight: 400;\">aboutcookies.org<\/span><\/a><span style=\"font-weight: 400;\">. For more details about advertising cookies and how to manage them, visit <\/span><a href=\"https:\/\/www.youronlinechoices.eu\/\"><span style=\"font-weight: 400;\">youronlinechoices.eu<\/span><\/a><span style=\"font-weight: 400;\"> (in the UE) or<\/span><a href=\"https:\/\/www.aboutads.info\/choices\/\"><span style=\"font-weight: 400;\">aboutads.info<\/span><\/a><span style=\"font-weight: 400;\"> (in the USA).<\/span><\/p>\n<\/div><\/div><\/div><\/div><\/div>\n","protected":false},"excerpt":{"rendered":"","protected":false},"author":1,"featured_media":0,"parent":0,"menu_order":0,"comment_status":"closed","ping_status":"closed","template":"","meta":{"footnotes":""},"class_list":["post-3606","page","type-page","status-publish","hentry"],"yoast_head":"<!-- This site is optimized with the Yoast SEO plugin v23.0 - https:\/\/yoast.com\/wordpress\/plugins\/seo\/ -->\n<title>Cookie policy - Casassayas Consultoria Tur\u00edstica<\/title>\n<meta name=\"robots\" content=\"index, follow, max-snippet:-1, max-image-preview:large, max-video-preview:-1\" \/>\n<link rel=\"canonical\" href=\"https:\/\/www.casassayas.com\/en\/cookie-policy\/\" \/>\n<meta property=\"og:locale\" content=\"en_US\" \/>\n<meta property=\"og:type\" content=\"article\" \/>\n<meta property=\"og:title\" content=\"Cookie policy - Casassayas Consultoria Tur\u00edstica\" \/>\n<meta property=\"og:url\" content=\"https:\/\/www.casassayas.com\/en\/cookie-policy\/\" \/>\n<meta property=\"og:site_name\" content=\"Casassayas Consultoria Tur\u00edstica\" \/>\n<meta name=\"twitter:card\" content=\"summary_large_image\" \/>\n<meta name=\"twitter:label1\" content=\"Est. reading time\" \/>\n\t<meta name=\"twitter:data1\" content=\"11 minutes\" \/>\n<script type=\"application\/ld+json\" class=\"yoast-schema-graph\">{\"@context\":\"https:\/\/schema.org\",\"@graph\":[{\"@type\":\"WebPage\",\"@id\":\"https:\/\/www.casassayas.com\/en\/cookie-policy\/\",\"url\":\"https:\/\/www.casassayas.com\/en\/cookie-policy\/\",\"name\":\"Cookie policy - Casassayas Consultoria Tur\u00edstica\",\"isPartOf\":{\"@id\":\"https:\/\/www.casassayas.com\/en\/#website\"},\"datePublished\":\"2022-03-22T14:30:52+00:00\",\"dateModified\":\"2022-03-22T14:30:52+00:00\",\"inLanguage\":\"en-US\",\"potentialAction\":[{\"@type\":\"ReadAction\",\"target\":[\"https:\/\/www.casassayas.com\/en\/cookie-policy\/\"]}]},{\"@type\":\"WebSite\",\"@id\":\"https:\/\/www.casassayas.com\/en\/#website\",\"url\":\"https:\/\/www.casassayas.com\/en\/\",\"name\":\"Casassayas Consultoria Tur\u00edstica\",\"description\":\"Consultoria tur\u00edstica especialitzada en la planificaci\u00f3 i gesti\u00f3 de destinacions tur\u00edstiques.\",\"potentialAction\":[{\"@type\":\"SearchAction\",\"target\":{\"@type\":\"EntryPoint\",\"urlTemplate\":\"https:\/\/www.casassayas.com\/en\/?s={search_term_string}\"},\"query-input\":\"required name=search_term_string\"}],\"inLanguage\":\"en-US\"}]}<\/script>\n<!-- \/ Yoast SEO plugin. -->","yoast_head_json":{"title":"Cookie policy - Casassayas Consultoria Tur\u00edstica","robots":{"index":"index","follow":"follow","max-snippet":"max-snippet:-1","max-image-preview":"max-image-preview:large","max-video-preview":"max-video-preview:-1"},"canonical":"https:\/\/www.casassayas.com\/en\/cookie-policy\/","og_locale":"en_US","og_type":"article","og_title":"Cookie policy - Casassayas Consultoria Tur\u00edstica","og_url":"https:\/\/www.casassayas.com\/en\/cookie-policy\/","og_site_name":"Casassayas Consultoria Tur\u00edstica","twitter_card":"summary_large_image","twitter_misc":{"Est. reading time":"11 minutes"},"schema":{"@context":"https:\/\/schema.org","@graph":[{"@type":"WebPage","@id":"https:\/\/www.casassayas.com\/en\/cookie-policy\/","url":"https:\/\/www.casassayas.com\/en\/cookie-policy\/","name":"Cookie policy - Casassayas Consultoria Tur\u00edstica","isPartOf":{"@id":"https:\/\/www.casassayas.com\/en\/#website"},"datePublished":"2022-03-22T14:30:52+00:00","dateModified":"2022-03-22T14:30:52+00:00","inLanguage":"en-US","potentialAction":[{"@type":"ReadAction","target":["https:\/\/www.casassayas.com\/en\/cookie-policy\/"]}]},{"@type":"WebSite","@id":"https:\/\/www.casassayas.com\/en\/#website","url":"https:\/\/www.casassayas.com\/en\/","name":"Casassayas Consultoria Tur\u00edstica","description":"Consultoria tur\u00edstica especialitzada en la planificaci\u00f3 i gesti\u00f3 de destinacions tur\u00edstiques.","potentialAction":[{"@type":"SearchAction","target":{"@type":"EntryPoint","urlTemplate":"https:\/\/www.casassayas.com\/en\/?s={search_term_string}"},"query-input":"required name=search_term_string"}],"inLanguage":"en-US"}]}},"_links":{"self":[{"href":"https:\/\/www.casassayas.com\/en\/wp-json\/wp\/v2\/pages\/3606","targetHints":{"allow":["GET"]}}],"collection":[{"href":"https:\/\/www.casassayas.com\/en\/wp-json\/wp\/v2\/pages"}],"about":[{"href":"https:\/\/www.casassayas.com\/en\/wp-json\/wp\/v2\/types\/page"}],"author":[{"embeddable":true,"href":"https:\/\/www.casassayas.com\/en\/wp-json\/wp\/v2\/users\/1"}],"replies":[{"embeddable":true,"href":"https:\/\/www.casassayas.com\/en\/wp-json\/wp\/v2\/comments?post=3606"}],"version-history":[{"count":0,"href":"https:\/\/www.casassayas.com\/en\/wp-json\/wp\/v2\/pages\/3606\/revisions"}],"wp:attachment":[{"href":"https:\/\/www.casassayas.com\/en\/wp-json\/wp\/v2\/media?parent=3606"}],"curies":[{"name":"wp","href":"https:\/\/api.w.org\/{rel}","templated":true}]}}